{"id":9452,"date":"2022-10-31T11:35:17","date_gmt":"2022-10-31T10:35:17","guid":{"rendered":"https:\/\/resaleproperties-spain.com\/?page_id=9452"},"modified":"2022-10-31T11:35:17","modified_gmt":"2022-10-31T10:35:17","slug":"que-puedes-esperar-de-nosotros","status":"publish","type":"page","link":"https:\/\/resaleproperties-spain.com\/es\/que-puedes-esperar-de-nosotros\/","title":{"rendered":"\u00bfQU\u00c9 PUEDES ESPERAR DE NOSOTROS?"},"content":{"rendered":"<div class=\"wpb-content-wrapper\"><p>[vc_row][vc_column width=\u00bb1\/2&#8243;][vc_column_text]Si algo nos diferencia en la uni\u00f3n perfecta entre la profesionalidad y la atenci\u00f3n exquisita.<\/p>\n<p>Nuestros m\u00e1s de 15 a\u00f1os de experiencia en el sector inmobiliario nos avalan, y te ofrecemos la tranquilidad y seguridad de dejar tu vivienda en las mejores manos.<\/p>\n<p>Sabemos que la venta de tu propiedad tiene que resultar sencilla, sin complicaciones. Por eso te acompa\u00f1amos durante y despu\u00e9s del proceso de venta, desde nuestro primer contacto hasta m\u00e1s all\u00e1 del cierre de la operaci\u00f3n, si as\u00ed lo deseas.<\/p>\n<p>Mientras que algunas inmobiliarias permanecen inmutables y sin innovar, en RO Spain Real Estate nos reinventamos de forma continua para seguir ofreciendo el mejor servicio inmobiliario a nuestros clientes.[\/vc_column_text][\/vc_column][vc_column width=\u00bb1\/2&#8243;][vc_single_image image=\u00bb9453&#8243; img_size=\u00bbfull\u00bb alignment=\u00bbcenter\u00bb css_animation=\u00bbfadeInRight\u00bb][\/vc_column][\/vc_row][vc_row][vc_column][vc_column_text]Queremos que la venta de tu vivienda sea una experiencia \u00fanica, y para ello trabajamos diariamente en la mejora de nuestras herramientas, tecnolog\u00eda y equipos humanos.<\/p>\n<p>Si est\u00e1s buscando profesionalidad, atenci\u00f3n personalizada, eficacia, y buena comunicaci\u00f3n, RO Spain Real Estate es lo estabas buscando. D\u00e9janos contarte por qu\u00e9\u2026[\/vc_column_text][\/vc_column][\/vc_row][vc_row content_placement=\u00bbmiddle\u00bb][vc_column width=\u00bb1\/2&#8243;][vc_column_text]<strong><u>Equipo humano preparado<\/u><\/strong><\/p>\n<p>Estamos convencidos que para ser un buen agente inmobiliario no basta con estar bien preparado, formado y tener habilidades de negociaci\u00f3n y venta, en RO Spain Real Estate valoramos especialmente la empat\u00eda y la humanidad de nuestro equipo. Para nosotros, estas habilidades son fundamentales para ofrecer a nuestros clientes.[\/vc_column_text][\/vc_column][vc_column width=\u00bb1\/2&#8243;][vc_column_text]<strong><u>Acci\u00f3n de Marketing<\/u><\/strong><\/p>\n<p>Si algo tenemos claro es que no basta con poner un anuncio en internet y esperar que tu casa se venda\u2026 \u00a1Somos activos!<\/p>\n<p>Utilizamos diferentes acciones de marketing offline y online con el fin de conseguir los compradores ideales para tu vivienda.[\/vc_column_text][\/vc_column][\/vc_row][vc_row content_placement=\u00bbmiddle\u00bb][vc_column width=\u00bb1\/2&#8243;][vc_column_text]<strong><u>Asesoramiento personalizado y comunicaci\u00f3n constante<\/u><\/strong><\/p>\n<p>En RO Spain Real Estate apostamos por ofrecer a nuestros clientes un servicio integran hecho completamente a su medida, asisti\u00e9ndoles de forma personalizada en todas las fases de la venta o alquiler de sus vivienda.<\/p>\n<p>Recibir\u00e1s informaci\u00f3n en tiempo real, te ahorrar\u00e1s problemas\u2026y\u00a0 lo m\u00e1s importante, mucho tiempo.[\/vc_column_text][\/vc_column][vc_column width=\u00bb1\/2&#8243;][vc_single_image image=\u00bb9456&#8243; img_size=\u00bbfull\u00bb alignment=\u00bbcenter\u00bb css_animation=\u00bbfadeInRight\u00bb][\/vc_column][\/vc_row]<\/p>\n<\/div>","protected":false},"excerpt":{"rendered":"<p>[vc_row][vc_column width=\u00bb1\/2&#8243;][vc_column_text]Si algo nos diferencia en la uni\u00f3n perfecta entre la profesionalidad y la atenci\u00f3n exquisita. Nuestros m\u00e1s de 15 a\u00f1os de experiencia en el sector inmobiliario nos avalan, y te ofrecemos la tranquilidad y seguridad de dejar tu vivienda en las mejores manos. Sabemos que la venta de tu propiedad tiene que resultar sencilla,&#8230;<\/p>\n","protected":false},"author":1,"featured_media":0,"parent":0,"menu_order":0,"comment_status":"closed","ping_status":"closed","template":"","meta":{"footnotes":""},"class_list":["post-9452","page","type-page","status-publish","hentry"],"aioseo_notices":[],"_links":{"self":[{"href":"https:\/\/resaleproperties-spain.com\/es\/wp-json\/wp\/v2\/pages\/9452","targetHints":{"allow":["GET"]}}],"collection":[{"href":"https:\/\/resaleproperties-spain.com\/es\/wp-json\/wp\/v2\/pages"}],"about":[{"href":"https:\/\/resaleproperties-spain.com\/es\/wp-json\/wp\/v2\/types\/page"}],"author":[{"embeddable":true,"href":"https:\/\/resaleproperties-spain.com\/es\/wp-json\/wp\/v2\/users\/1"}],"replies":[{"embeddable":true,"href":"https:\/\/resaleproperties-spain.com\/es\/wp-json\/wp\/v2\/comments?post=9452"}],"version-history":[{"count":1,"href":"https:\/\/resaleproperties-spain.com\/es\/wp-json\/wp\/v2\/pages\/9452\/revisions"}],"predecessor-version":[{"id":9459,"href":"https:\/\/resaleproperties-spain.com\/es\/wp-json\/wp\/v2\/pages\/9452\/revisions\/9459"}],"wp:attachment":[{"href":"https:\/\/resaleproperties-spain.com\/es\/wp-json\/wp\/v2\/media?parent=9452"}],"curies":[{"name":"wp","href":"https:\/\/api.w.org\/{rel}","templated":true}]}}