{"id":9444,"date":"2022-10-31T11:25:40","date_gmt":"2022-10-31T10:25:40","guid":{"rendered":"https:\/\/resaleproperties-spain.com\/?page_id=9444"},"modified":"2022-10-31T11:26:45","modified_gmt":"2022-10-31T10:26:45","slug":"por-que-vender-o-alquilar-con-nosotros","status":"publish","type":"page","link":"https:\/\/resaleproperties-spain.com\/es\/por-que-vender-o-alquilar-con-nosotros\/","title":{"rendered":"\u00bfPOR QU\u00c9 VENDER O ALQUILAR CON NOSOTROS?"},"content":{"rendered":"<div class=\"wpb-content-wrapper\"><p>[vc_row][vc_column width=\u00bb1\/6&#8243;][\/vc_column][vc_column width=\u00bb2\/3&#8243;][vc_column_text]<\/p>\n<p style=\"text-align: center;\">Son muchos los motivos por los que numerosos propietarios han optado por dejar su vivienda en nuestras manos, tanto para la venta como para alquiler.\u00a0A continuaci\u00f3n, te detallamos algunos de ellos:<\/p>\n<p>[\/vc_column_text][\/vc_column][vc_column width=\u00bb1\/6&#8243;][\/vc_column][\/vc_row][vc_row css_animation=\u00bbnone\u00bb][vc_column width=\u00bb1\/2&#8243;][vc_column_text]<strong><u>1. PRESENCIA EN MEDIOS<\/u><\/strong><\/p>\n<p>Nos comprometemos a llevar a cabo m\u00faltiples campa\u00f1as, tanto en Internet como en ferias internacionales.[\/vc_column_text][\/vc_column][vc_column width=\u00bb1\/2&#8243;][vc_column_text]<strong><u>2. TRATO INDIVIDUAL Y PERSONALIZADO<\/u><\/strong><\/p>\n<p>Uno de nuestros objetivos es hacerle la vida m\u00e1s f\u00e1cil.<\/p>\n<p>Para ello apostamos por ofrecer a nuestros clientes un servicio integral hecho a su medida, asisti\u00e9ndoles de forma personalizada en todas las fases de la venta o alquiler de su vivienda.[\/vc_column_text][\/vc_column][\/vc_row][vc_row css_animation=\u00bbfadeInUp\u00bb][vc_column width=\u00bb1\/2&#8243;][vc_column_text]<strong><u>3. ASESORAMIENTO<\/u><\/strong><\/p>\n<p>Ofrecemos asesoramiento fiscal, jur\u00eddico y contable para proteger los intereses de los propietarios, a trav\u00e9s de nuestros departamentos especializados en el sector inmobiliario[\/vc_column_text][\/vc_column][vc_column width=\u00bb1\/2&#8243;][vc_column_text]<strong><u>4. SOLVENCIA, PROFESIONALIDAD Y CONFIANZA<\/u><\/strong><\/p>\n<p>Si hay algo que avala nuestra empresa, es la seriedad y profesionalidad a la hora de desempe\u00f1ar nuestro trabajo, y perseguimos con ello la credibilidad del cliente.<\/p>\n<p>Es el cliente el que tiene el mando, y para nosotros resulta fundamental que conf\u00ede en nosotros y su satisfacci\u00f3n sea del 100%.[\/vc_column_text][\/vc_column][\/vc_row][vc_row css_animation=\u00bbfadeInUp\u00bb][vc_column width=\u00bb1\/2&#8243;][vc_column_text]<strong><u>5. AYUDA Y ESTRATEGIAS INNOVADORAS<\/u><\/strong><\/p>\n<p>La selecci\u00f3n de compradores solventes, nuestras normas de calidad propias, la dedicaci\u00f3n de nuestros profesionales, el conocimiento y estudio permanente del mercado nos permiten estar a la vanguardia en cuanto a ayudas y coberturas.<\/p>\n<p>Todos nuestros procesos se revisan continua y exhaustivamente, incluyendo toda la documentaci\u00f3n que le entregamos al contratar nuestros servicios. Disponemos de diferentes tecnolog\u00edas integradas entre s\u00ed para darle siempre el mejor servicio.[\/vc_column_text][\/vc_column][vc_column width=\u00bb1\/2&#8243;][vc_column_text]<strong><u>6. TRANQUILIDAD<\/u><\/strong><\/p>\n<p>La tranquilidad de saber que vendes directamente o a trav\u00e9s del alquiler con opci\u00f3n de venta tu inmueble con el respaldo y la ayuda de una agencia con garant\u00edas.<\/p>\n<p>Gesti\u00f3n de tu propiedad con total transparencia y confianza, con un seguimiento personal por parte de nuestros profesionales, asesor\u00e1ndole durante todo el proceso de venta o alquiler.[\/vc_column_text][\/vc_column][\/vc_row][vc_row css_animation=\u00bbfadeInUp\u00bb][vc_column width=\u00bb1\/2&#8243;][vc_column_text]<strong><u>7. TUS INTERESES SON LOS NUESTROS<\/u><\/strong><\/p>\n<p>Sabemos que tienes unas expectativas econ\u00f3micas determinadas y que necesitas obtener el m\u00e1ximo. Por eso contamos con un equipo de profesionales a tu disposici\u00f3n, que unen sus esfuerzos trabajando para ti. Tus gestiones ser\u00e1n resueltas con rapidez salvando cuantos tr\u00e1mites sean necesarios.[\/vc_column_text][\/vc_column][vc_column width=\u00bb1\/2&#8243;][vc_single_image image=\u00bb9445&#8243; img_size=\u00bbfull\u00bb alignment=\u00bbcenter\u00bb][\/vc_column][\/vc_row]<\/p>\n<\/div>","protected":false},"excerpt":{"rendered":"<p>[vc_row][vc_column width=\u00bb1\/6&#8243;][\/vc_column][vc_column width=\u00bb2\/3&#8243;][vc_column_text] Son muchos los motivos por los que numerosos propietarios han optado por dejar su vivienda en nuestras manos, tanto para la venta como para alquiler.\u00a0A continuaci\u00f3n, te detallamos algunos de ellos: [\/vc_column_text][\/vc_column][vc_column width=\u00bb1\/6&#8243;][\/vc_column][\/vc_row][vc_row css_animation=\u00bbnone\u00bb][vc_column width=\u00bb1\/2&#8243;][vc_column_text]1. PRESENCIA EN MEDIOS Nos comprometemos a llevar a cabo m\u00faltiples campa\u00f1as, tanto en Internet como en ferias&#8230;<\/p>\n","protected":false},"author":1,"featured_media":0,"parent":0,"menu_order":0,"comment_status":"closed","ping_status":"closed","template":"","meta":{"footnotes":""},"class_list":["post-9444","page","type-page","status-publish","hentry"],"aioseo_notices":[],"_links":{"self":[{"href":"https:\/\/resaleproperties-spain.com\/es\/wp-json\/wp\/v2\/pages\/9444","targetHints":{"allow":["GET"]}}],"collection":[{"href":"https:\/\/resaleproperties-spain.com\/es\/wp-json\/wp\/v2\/pages"}],"about":[{"href":"https:\/\/resaleproperties-spain.com\/es\/wp-json\/wp\/v2\/types\/page"}],"author":[{"embeddable":true,"href":"https:\/\/resaleproperties-spain.com\/es\/wp-json\/wp\/v2\/users\/1"}],"replies":[{"embeddable":true,"href":"https:\/\/resaleproperties-spain.com\/es\/wp-json\/wp\/v2\/comments?post=9444"}],"version-history":[{"count":4,"href":"https:\/\/resaleproperties-spain.com\/es\/wp-json\/wp\/v2\/pages\/9444\/revisions"}],"predecessor-version":[{"id":9451,"href":"https:\/\/resaleproperties-spain.com\/es\/wp-json\/wp\/v2\/pages\/9444\/revisions\/9451"}],"wp:attachment":[{"href":"https:\/\/resaleproperties-spain.com\/es\/wp-json\/wp\/v2\/media?parent=9444"}],"curies":[{"name":"wp","href":"https:\/\/api.w.org\/{rel}","templated":true}]}}