{"id":9435,"date":"2022-10-31T11:22:21","date_gmt":"2022-10-31T10:22:21","guid":{"rendered":"https:\/\/resaleproperties-spain.com\/?page_id=9435"},"modified":"2022-10-31T11:22:59","modified_gmt":"2022-10-31T10:22:59","slug":"nuestro-mercado","status":"publish","type":"page","link":"https:\/\/resaleproperties-spain.com\/es\/nuestro-mercado\/","title":{"rendered":"NUESTRO MERCADO"},"content":{"rendered":"<div class=\"wpb-content-wrapper\"><p>[vc_row][vc_column][vc_column_text]Nuestra empresa est\u00e1 enfocada tanto a clientes nacionales como internacionales. Por tanto, las m\u00faltiples campa\u00f1as de marketing que realizamos no s\u00f3lo sit\u00faan bien tu propiedad en Espa\u00f1a sino tambi\u00e9n en el resto del mundo.<\/p>\n<p>Somos conscientes que el marketing inmobiliario es la mejor llave para una venta efectiva. Por este motivo en RO Spain Real Estate trabajamos combinando las mejores estrategias de marketing online y offline para dar a tu vivienda la m\u00e1xima difusi\u00f3n.<\/p>\n<p>Sabemos que para vender o alquilar tu vivienda no basta con poner un anuncio en internet, por ello te explicamos a continuaci\u00f3n las acciones de marketing que llevamos a cabo para que tu casa llegue al comprador interesado en el menor tiempo posible:[\/vc_column_text][vc_separator el_width=\u00bb40&#8243;][\/vc_column][\/vc_row][vc_row content_placement=\u00bbmiddle\u00bb][vc_column width=\u00bb1\/3&#8243;][vc_single_image image=\u00bb9436&#8243; img_size=\u00bbfull\u00bb alignment=\u00bbcenter\u00bb css_animation=\u00bbfadeInLeft\u00bb][\/vc_column][vc_column width=\u00bb2\/3&#8243;][vc_column_text]<strong><u>FERIAS EN EL EXTRANJERO<\/u><\/strong><\/p>\n<p>Anualmente realizamos diversas ferias internacionales en pa\u00edses como Holanda, B\u00e9lgica, Polonia e Inglaterra, llegando as\u00ed a clientes potenciales de diversas partes del mundo.[\/vc_column_text][\/vc_column][\/vc_row][vc_row][vc_column][vc_separator][\/vc_column][\/vc_row][vc_row][vc_column][vc_column_text]<strong><u>ANUNCIOS EN PORTALES Y REDES SOCIALES<\/u><\/strong><\/p>\n<p>Nos anunciamos tanto de forma local en Espa\u00f1a como en portales internacionales que incluyen Kyero, Oferty, Thinkspain, Idealista, Morizon, Immowise, Domy, Allegro, entre otros.<\/p>\n<p>Adem\u00e1s, invertimos a diario en marketing digital para encontrar nuevos potenciales compradores para tu vivienda, haciendo campa\u00f1as publicitarias constantemente en Facebook, Instagram y Google.[\/vc_column_text][\/vc_column][\/vc_row][vc_row][vc_column][vc_separator][\/vc_column][\/vc_row][vc_row content_placement=\u00bbmiddle\u00bb][vc_column width=\u00bb1\/3&#8243;][vc_single_image image=\u00bb9439&#8243; img_size=\u00bbfull\u00bb alignment=\u00bbcenter\u00bb css_animation=\u00bbfadeInLeft\u00bb][\/vc_column][vc_column width=\u00bb2\/3&#8243;][vc_column_text]<strong><u>P\u00c1GINA WEB: <\/u><\/strong><\/p>\n<p>Trabajamos con un equipo especializado\u00a0 en SEO que se encarga de posicionar nuestra p\u00e1gina web,\u00a0 obteniendo as\u00ed un gran n\u00famero de visitas, y permitiendo que tu vivienda destaque en los buscadores aumentando al m\u00e1ximo su visibilidad.[\/vc_column_text][\/vc_column][\/vc_row][vc_row][vc_column][vc_separator][\/vc_column][\/vc_row][vc_row][vc_column][vc_column_text]<strong><u>MARKETING DIRECTO: LLAMADAS Y MAILING<\/u><\/strong><\/p>\n<p>Contactamos por e-mail y por tel\u00e9fono con todas las personas de nuestra base de datos que buscan una casa como la tuya.<\/p>\n<p>Adem\u00e1s, enviamos alertas y boletines semanales a un gran n\u00famero de clientes activos en su b\u00fasqueda.[\/vc_column_text][\/vc_column][\/vc_row][vc_row][vc_column][vc_separator][\/vc_column][\/vc_row][vc_row][vc_column][vc_column_text]<strong><u>EXCLUSIVA COMPARTIDA<\/u><\/strong><\/p>\n<p>Los clientes tienden a resistirse a dar su vivienda en exclusiva a una \u00fanica inmobiliaria, por ello en RO Spain Real Estate te ofrecemos la perfecta soluci\u00f3n: <strong>Tu vivienda en multitud de oficinas, pero con un \u00fanico intermediario, nosotros. <\/strong><\/p>\n<p>Trabajamos con un sistema MLS, el cual nos permite compartir su vivienda con otras agencias colaboradores pero el \u00fanico interlocutor somos nosotros. De esta forma multiplicar\u00e1s tus posibilidades de \u00e9xito con tus compradores ya que accedes a una amplia y segura cartera de exclusivas.[\/vc_column_text][\/vc_column][\/vc_row]<\/p>\n<\/div>","protected":false},"excerpt":{"rendered":"<p>[vc_row][vc_column][vc_column_text]Nuestra empresa est\u00e1 enfocada tanto a clientes nacionales como internacionales. Por tanto, las m\u00faltiples campa\u00f1as de marketing que realizamos no s\u00f3lo sit\u00faan bien tu propiedad en Espa\u00f1a sino tambi\u00e9n en el resto del mundo. Somos conscientes que el marketing inmobiliario es la mejor llave para una venta efectiva. Por este motivo en RO Spain Real&#8230;<\/p>\n","protected":false},"author":1,"featured_media":0,"parent":0,"menu_order":0,"comment_status":"closed","ping_status":"closed","template":"","meta":{"footnotes":""},"class_list":["post-9435","page","type-page","status-publish","hentry"],"aioseo_notices":[],"_links":{"self":[{"href":"https:\/\/resaleproperties-spain.com\/es\/wp-json\/wp\/v2\/pages\/9435","targetHints":{"allow":["GET"]}}],"collection":[{"href":"https:\/\/resaleproperties-spain.com\/es\/wp-json\/wp\/v2\/pages"}],"about":[{"href":"https:\/\/resaleproperties-spain.com\/es\/wp-json\/wp\/v2\/types\/page"}],"author":[{"embeddable":true,"href":"https:\/\/resaleproperties-spain.com\/es\/wp-json\/wp\/v2\/users\/1"}],"replies":[{"embeddable":true,"href":"https:\/\/resaleproperties-spain.com\/es\/wp-json\/wp\/v2\/comments?post=9435"}],"version-history":[{"count":2,"href":"https:\/\/resaleproperties-spain.com\/es\/wp-json\/wp\/v2\/pages\/9435\/revisions"}],"predecessor-version":[{"id":9443,"href":"https:\/\/resaleproperties-spain.com\/es\/wp-json\/wp\/v2\/pages\/9435\/revisions\/9443"}],"wp:attachment":[{"href":"https:\/\/resaleproperties-spain.com\/es\/wp-json\/wp\/v2\/media?parent=9435"}],"curies":[{"name":"wp","href":"https:\/\/api.w.org\/{rel}","templated":true}]}}