{"id":9397,"date":"2022-10-31T11:16:39","date_gmt":"2022-10-31T10:16:39","guid":{"rendered":"https:\/\/resaleproperties-spain.com\/?page_id=9397"},"modified":"2022-10-31T11:53:02","modified_gmt":"2022-10-31T10:53:02","slug":"vender-su-propiedad","status":"publish","type":"page","link":"https:\/\/resaleproperties-spain.com\/es\/vender-su-propiedad\/","title":{"rendered":"VENDER SU PROPIEDAD"},"content":{"rendered":"<div class=\"wpb-content-wrapper\"><p>[vc_row css=\u00bb.vc_custom_1620288998474{margin-bottom: 30px !important;}\u00bb][vc_column][vc_column_text]<\/p>\n<h2 style=\"text-align: center;\"><strong>\u00bfPor cu\u00e1nto se puede vender o alquilar tu inmueble?<\/strong><\/h2>\n<p>[\/vc_column_text][vc_column_text]<\/p>\n<p style=\"text-align: center;\">Antes de empezar a comercializar tu inmueble es importante saber su valor actual de mercado.<br \/>\nNosotros te ayudamos a hacer una valoraci\u00f3n <strong>GRATUITA<\/strong> y <strong>SIN COMPROMISO<\/strong> de tu propiedad.<\/p>\n<p>[\/vc_column_text][vc_btn title=\u00bbME INTERESA\u00bb style=\u00bbclassic\u00bb color=\u00bbinverse\u00bb align=\u00bbcenter\u00bb i_icon_fontawesome=\u00bbfar fa-envelope\u00bb add_icon=\u00bbtrue\u00bb link=\u00bburl:https%3A%2F%2Flocalhost%2Fresaleproperties-spain%2Fes%2Fcontacto%2F|title:CONTACTO\u00bb][vc_column_text]<\/p>\n<ul>\n<li>Tengo mi propiedad con varias inmobiliarias y no consigo venderla.<\/li>\n<li>A pesar de haber especificado en mi anuncio que no quiero trabajar con agencias, me siguen\u00a0llamando e insistiendo.<\/li>\n<li>Tengo mala comunicaci\u00f3n con las inmobiliarias, y ya no s\u00e9 con qui\u00e9n hablar.<\/li>\n<\/ul>\n<p><strong>\u00bfReconoces alguno de los puntos de arriba?<\/strong><br \/>\nEntonces es el momento de hablar con nosotros, porque nuestro sistema de trabajo permitir\u00e1 que tu\u00a0inmueble aparezca en todas las inmobiliarias locales y tambi\u00e9n en el extranjero, teniendo \u00fanicamente\u00a0una persona de contacto, nosotros.<\/p>\n<p>Un inmueble ofrecido por varias inmobiliarias en los mismos portales no te ayudar\u00e1 a vender m\u00e1s r\u00e1pido\u00a0tu propiedad, al contrario, esto puede causar cierta desconfianza al comprador.[\/vc_column_text][vc_separator el_width=\u00bb50&#8243;][\/vc_column][\/vc_row][vc_row css_animation=\u00bbfadeIn\u00bb css=\u00bb.vc_custom_1620632441892{margin-bottom: 30px !important;}\u00bb][vc_column][vc_column_text css=\u00bb.vc_custom_1620288294360{margin-bottom: 15px !important;}\u00bb]<\/p>\n<h2 style=\"text-align: center;\"><strong>\u00a0Tres motivos para elegirnos<\/strong><\/h2>\n<p>[\/vc_column_text][vc_separator color=\u00bbblack\u00bb border_width=\u00bb3&#8243; el_width=\u00bb20&#8243;][vc_row_inner gap=\u00bb35&#8243;][vc_column_inner width=\u00bb1\/3&#8243;][vc_column_text]<\/p>\n<h3 style=\"text-align: center;\"><a style=\"font-size: 22px; line-height: 22px; text-decoration: none;\" href=\"https:\/\/resaleproperties-spain.com\/es\/nuestro-mercado\/\"><strong>Nuestro<\/strong><br \/>\n<strong>mercado<\/strong><\/a><\/h3>\n<p>[\/vc_column_text][vc_single_image image=\u00bb9398&#8243; img_size=\u00bbfull\u00bb alignment=\u00bbcenter\u00bb onclick=\u00bbcustom_link\u00bb link=\u00bbhttps:\/\/resaleproperties-spain.com\/es\/nuestro-mercado\/\u00bb][\/vc_column_inner][vc_column_inner width=\u00bb1\/3&#8243;][vc_column_text]<\/p>\n<h3 style=\"text-align: center;\"><a style=\"font-size: 22px; line-height: 22px; text-decoration: none;\" href=\"https:\/\/resaleproperties-spain.com\/es\/por-que-vender-o-alquilar-con-nosotros\/\"><strong>\u00bfPor qu\u00e9 vender o<\/strong><br \/>\n<strong>alquilar con nosotros?<\/strong><\/a><\/h3>\n<p>[\/vc_column_text][vc_single_image image=\u00bb9401&#8243; img_size=\u00bbfull\u00bb alignment=\u00bbcenter\u00bb onclick=\u00bbcustom_link\u00bb link=\u00bbhttps:\/\/resaleproperties-spain.com\/es\/por-que-vender-o-alquilar-con-nosotros\/\u00bb][\/vc_column_inner][vc_column_inner width=\u00bb1\/3&#8243;][vc_column_text]<\/p>\n<h3 style=\"text-align: center;\"><a style=\"font-size: 22px; line-height: 22px; text-decoration: none;\" href=\"https:\/\/resaleproperties-spain.com\/es\/que-puedes-esperar-de-nosotros\/\"><strong>\u00bfQu\u00e9 puedes esperar<\/strong><br \/>\n<strong>de nosotros?<\/strong><\/a><\/h3>\n<p>[\/vc_column_text][vc_single_image image=\u00bb9404&#8243; img_size=\u00bbfull\u00bb alignment=\u00bbcenter\u00bb onclick=\u00bbcustom_link\u00bb link=\u00bbhttps:\/\/resaleproperties-spain.com\/es\/que-puedes-esperar-de-nosotros\/\u00bb][\/vc_column_inner][\/vc_row_inner][vc_btn title=\u00bbVENDER AHORA\u00bb style=\u00bbclassic\u00bb color=\u00bbinverse\u00bb align=\u00bbcenter\u00bb i_icon_fontawesome=\u00bbfar fa-envelope\u00bb add_icon=\u00bbtrue\u00bb link=\u00bburl:https%3A%2F%2Flocalhost%2Fresaleproperties-spain%2Fes%2Fcontacto%2F|title:CONTACTO\u00bb][vc_separator el_width=\u00bb50&#8243; css=\u00bb.vc_custom_1620289051435{margin-top: 35px !important;}\u00bb][\/vc_column][\/vc_row][vc_row][vc_column][vc_column_text css=\u00bb.vc_custom_1620288565817{margin-bottom: 15px !important;}\u00bb]<\/p>\n<h2 style=\"text-align: center;\"><strong>\u00a0Nuestra forma de trabajar<\/strong><\/h2>\n<p>[\/vc_column_text][vc_separator color=\u00bbblack\u00bb border_width=\u00bb3&#8243; el_width=\u00bb20&#8243;][vc_row_inner gap=\u00bb35&#8243;][vc_column_inner width=\u00bb1\/2&#8243;][vc_single_image image=\u00bb9407&#8243; img_size=\u00bb0x180&#8243; alignment=\u00bbcenter\u00bb css=\u00bb.vc_custom_1667211315240{margin-bottom: 0px !important;}\u00bb][vc_column_text]<\/p>\n<h3 style=\"text-align: center;\"><strong>Asesoramiento individualizado.<\/strong><\/h3>\n<p>[\/vc_column_text][\/vc_column_inner][vc_column_inner width=\u00bb1\/2&#8243;][vc_single_image image=\u00bb9410&#8243; img_size=\u00bb0x180&#8243; alignment=\u00bbcenter\u00bb css=\u00bb.vc_custom_1667211330970{margin-bottom: 0px !important;}\u00bb][vc_column_text]<\/p>\n<h3 style=\"text-align: center;\"><strong>Valoraci\u00f3n GRATUITA del inmueble.<\/strong><\/h3>\n<p>[\/vc_column_text][\/vc_column_inner][\/vc_row_inner][vc_row_inner gap=\u00bb35&#8243;][vc_column_inner width=\u00bb1\/2&#8243;][vc_single_image image=\u00bb9413&#8243; img_size=\u00bb0x175&#8243; alignment=\u00bbcenter\u00bb css=\u00bb.vc_custom_1667211341850{margin-bottom: 0px !important;}\u00bb][vc_column_text]<\/p>\n<h3 style=\"text-align: center;\"><strong>Fotograf\u00edas profesionales.<\/strong><br \/>\n<strong>Video presentaci\u00f3n.<\/strong><br \/>\n<strong>Dossier descriptivo.<\/strong><\/h3>\n<p>[\/vc_column_text][\/vc_column_inner][vc_column_inner width=\u00bb1\/2&#8243;][vc_single_image image=\u00bb9416&#8243; img_size=\u00bb0x175&#8243; alignment=\u00bbcenter\u00bb css=\u00bb.vc_custom_1667211351898{margin-bottom: 0px !important;}\u00bb][vc_column_text]<\/p>\n<h3 style=\"text-align: center;\"><strong>Marketing personalizado.<\/strong><br \/>\n<strong>Posicionamiento en portales nacionales.<\/strong><br \/>\n<strong>Posicionamiento en portales internacionales.<\/strong><br \/>\n<strong>Env\u00edo de Mailing a nuestra base de datos.<\/strong><br \/>\n<strong>Ferias internacionales.<\/strong><br \/>\n<strong>Agencias Holanda, B\u00e9lgica y Polonia.<\/strong><\/h3>\n<p>[\/vc_column_text][\/vc_column_inner][\/vc_row_inner][vc_row_inner gap=\u00bb35&#8243;][vc_column_inner width=\u00bb1\/2&#8243;][vc_single_image image=\u00bb9419&#8243; img_size=\u00bb0x180&#8243; alignment=\u00bbcenter\u00bb css=\u00bb.vc_custom_1667211363922{margin-bottom: 0px !important;}\u00bb][vc_column_text]<\/p>\n<h3 style=\"text-align: center;\"><strong>Estudio y filtro de potenciales compradores con poder adquisitivo suficiente para garantizar el proceso de compra\/venta.<\/strong><\/h3>\n<p>[\/vc_column_text][\/vc_column_inner][vc_column_inner width=\u00bb1\/2&#8243;][vc_single_image image=\u00bb9422&#8243; img_size=\u00bb0x180&#8243; alignment=\u00bbcenter\u00bb css=\u00bb.vc_custom_1667211373088{margin-bottom: 0px !important;}\u00bb][vc_column_text]<\/p>\n<h3 style=\"text-align: center;\"><strong>Informes regulares sobre el estado de venta o alquiler del inmueble.<\/strong><\/h3>\n<p>[\/vc_column_text][\/vc_column_inner][\/vc_row_inner][vc_row_inner gap=\u00bb35&#8243;][vc_column_inner width=\u00bb1\/2&#8243;][vc_single_image image=\u00bb9425&#8243; img_size=\u00bb0x180&#8243; alignment=\u00bbcenter\u00bb css=\u00bb.vc_custom_1667211383746{margin-bottom: 0px !important;}\u00bb][vc_column_text]<\/p>\n<h3 style=\"text-align: center;\"><strong>Negociaci\u00f3n contractual profesional.<\/strong><br \/>\n<strong>Notaria.<\/strong><br \/>\n<strong>Asuntos legales y fiscales.<\/strong><\/h3>\n<p>[\/vc_column_text][\/vc_column_inner][vc_column_inner width=\u00bb1\/2&#8243;][vc_single_image image=\u00bb9428&#8243; img_size=\u00bb0x180&#8243; alignment=\u00bbcenter\u00bb css=\u00bb.vc_custom_1667211393462{margin-bottom: 0px !important;}\u00bb][vc_column_text]<\/p>\n<h3 style=\"text-align: center;\"><strong>Servicio postventa y postalquiler integral.<\/strong><\/h3>\n<p>[\/vc_column_text][\/vc_column_inner][\/vc_row_inner][\/vc_column][\/vc_row]<\/p>\n<\/div>","protected":false},"excerpt":{"rendered":"<p>[vc_row css=\u00bb.vc_custom_1620288998474{margin-bottom: 30px !important;}\u00bb][vc_column][vc_column_text] \u00bfPor cu\u00e1nto se puede vender o alquilar tu inmueble? [\/vc_column_text][vc_column_text] Antes de empezar a comercializar tu inmueble es importante saber su valor actual de mercado. Nosotros te ayudamos a hacer una valoraci\u00f3n GRATUITA y SIN COMPROMISO de tu propiedad. [\/vc_column_text][vc_btn title=\u00bbME INTERESA\u00bb style=\u00bbclassic\u00bb color=\u00bbinverse\u00bb align=\u00bbcenter\u00bb i_icon_fontawesome=\u00bbfar fa-envelope\u00bb add_icon=\u00bbtrue\u00bb link=\u00bburl:https%3A%2F%2Flocalhost%2Fresaleproperties-spain%2Fes%2Fcontacto%2F|title:CONTACTO\u00bb][vc_column_text] Tengo mi&#8230;<\/p>\n","protected":false},"author":1,"featured_media":0,"parent":0,"menu_order":0,"comment_status":"closed","ping_status":"closed","template":"","meta":{"footnotes":""},"class_list":["post-9397","page","type-page","status-publish","hentry"],"aioseo_notices":[],"_links":{"self":[{"href":"https:\/\/resaleproperties-spain.com\/es\/wp-json\/wp\/v2\/pages\/9397","targetHints":{"allow":["GET"]}}],"collection":[{"href":"https:\/\/resaleproperties-spain.com\/es\/wp-json\/wp\/v2\/pages"}],"about":[{"href":"https:\/\/resaleproperties-spain.com\/es\/wp-json\/wp\/v2\/types\/page"}],"author":[{"embeddable":true,"href":"https:\/\/resaleproperties-spain.com\/es\/wp-json\/wp\/v2\/users\/1"}],"replies":[{"embeddable":true,"href":"https:\/\/resaleproperties-spain.com\/es\/wp-json\/wp\/v2\/comments?post=9397"}],"version-history":[{"count":7,"href":"https:\/\/resaleproperties-spain.com\/es\/wp-json\/wp\/v2\/pages\/9397\/revisions"}],"predecessor-version":[{"id":9474,"href":"https:\/\/resaleproperties-spain.com\/es\/wp-json\/wp\/v2\/pages\/9397\/revisions\/9474"}],"wp:attachment":[{"href":"https:\/\/resaleproperties-spain.com\/es\/wp-json\/wp\/v2\/media?parent=9397"}],"curies":[{"name":"wp","href":"https:\/\/api.w.org\/{rel}","templated":true}]}}