{"id":9291,"date":"2022-10-25T12:04:11","date_gmt":"2022-10-25T10:04:11","guid":{"rendered":"https:\/\/resaleproperties-spain.com\/?page_id=9291"},"modified":"2022-10-31T09:20:30","modified_gmt":"2022-10-31T08:20:30","slug":"privacidad-y-politica-de-cookies","status":"publish","type":"page","link":"https:\/\/resaleproperties-spain.com\/es\/privacidad-y-politica-de-cookies\/","title":{"rendered":"PRIVACIDAD Y POL\u00cdTICA DE COOKIES"},"content":{"rendered":"<ol>\n<li><strong>Responsable<\/strong><\/li>\n<\/ol>\n<p>\u00bfQui\u00e9n es el responsable del tratamiento de sus datos?<\/p>\n<p>Titular:\u00a0<strong>DYROMO TRADE, S.L.<br \/>\n<\/strong>Nombre comercial:\u00a0<strong>RO Spain Real Estate<br \/>\n<\/strong>C.I.F .:\u00a0<strong>B-54875042<br \/>\n<\/strong>Direcci\u00f3n:\u00a0<strong>C \/ Reyes Cat\u00f3licos n\u00ba 29, 4\u00ba A -03003- Alicante<br \/>\n<\/strong>Tel\u00e9fono:\u00a0<strong>966276923<br \/>\n<\/strong>Correo electr\u00f3nico:\u00a0<strong>lopd@ro-spain.com<\/strong><\/p>\n<ol start=\"2\">\n<li><strong>Finalidades<\/strong><\/li>\n<\/ol>\n<p>\u00bfCon qu\u00e9 finalidad tratamos sus datos personales?<\/p>\n<p>En cumplimiento de lo dispuesto en el Reglamento Europeo 2016\/679 General de Protecci\u00f3n de Datos, le informamos que, si es usuario, en Dyromo Trade, S.L. tratamos los datos que nos facilitas con las siguientes finalidades:<\/p>\n<p>Enviarle notificaciones y ofertas para informarle sobre nuestros productos y servicios. Puede oponerse en cualquier momento a recibir este tipo de comunicaciones a trav\u00e9s de los enlaces que encontrar\u00e1 en cada correo electr\u00f3nico.<\/p>\n<p>Prevenir abusos y fraudes en el uso de nuestros servicios (por ejemplo, actividades fraudulentas, ataques de denegaci\u00f3n de servicio, env\u00edo de spam, entre otros).<\/p>\n<p>Proporcionar datos a organismos y autoridades p\u00fablicas, siempre que sean requeridos de acuerdo con las disposiciones legales y reglamentarias.<\/p>\n<ol start=\"3\">\n<li><strong>Plazo de conservaci\u00f3n de los datos<\/strong><\/li>\n<\/ol>\n<p>\u00bfCu\u00e1nto tiempo conservaremos sus datos?<\/p>\n<p>Sus datos ser\u00e1n conservados mientras dure la relaci\u00f3n contractual y comercial con nosotros, solicite su supresi\u00f3n, as\u00ed como el tiempo necesario para cumplir con las obligaciones legales.<\/p>\n<ol start=\"4\">\n<li><strong>Legitimaci\u00f3n<\/strong><\/li>\n<\/ol>\n<p>\u00bfCu\u00e1l es la legitimidad para el tratamiento de sus datos?<\/p>\n<p>La base legal para el tratamiento de sus datos radica en:<\/p>\n<ul>\n<li>El consentimiento del usuario en relaci\u00f3n con las finalidades indicadas en los apartados 2 anteriores.<\/li>\n<li>El inter\u00e9s leg\u00edtimo del responsable del tratamiento para la finalidad indicada en el apartado anterior.<\/li>\n<li>Cumplimiento de las obligaciones legales aplicables a Dyromo Trade, S.L. para la finalidad indicada en el apartado 2.<\/li>\n<\/ul>\n<p>Ley y jurisdicci\u00f3n aplicable<\/p>\n<p>El presente Aviso Legal y sus consecuencias se regir\u00e1n en todo caso por la legislaci\u00f3n espa\u00f1ola vigente en cada momento.<\/p>\n<ol start=\"5\">\n<li><strong>Destinatarios<\/strong><\/li>\n<\/ol>\n<p>\u00bfA qu\u00e9 destinatarios se comunicar\u00e1n sus datos?<\/p>\n<p>Sus datos personales no ser\u00e1n comunicados a terceros salvo en los siguientes casos:<\/p>\n<p>Sus datos personales podr\u00e1n ser cedidos a las autoridades competentes en los casos en que exista una obligaci\u00f3n legal.<\/p>\n<ol start=\"6\">\n<li><strong>Derechos<\/strong><\/li>\n<\/ol>\n<p>\u00bfCu\u00e1les son sus derechos cuando nos facilita su informaci\u00f3n y c\u00f3mo puede ejercerla?<\/p>\n<p>Tiene derecho a obtener confirmaci\u00f3n sobre si Dyromo Trade, S.L. Estamos tratando datos personales que le conciernen, o no.<\/p>\n<p>Asimismo, tiene derecho a acceder a sus datos personales, as\u00ed como a solicitar la rectificaci\u00f3n de los datos inexactos o, en su caso, solicitar su supresi\u00f3n cuando, entre otros motivos, los datos ya no sean necesarios para los fines que fueron recogidos.<\/p>\n<p>En determinadas circunstancias, podr\u00e1 solicitar la limitaci\u00f3n del tratamiento de sus datos, en cuyo caso \u00fanicamente los conservaremos para el ejercicio o la defensa de reclamaciones.<\/p>\n<p>Adicionalmente, en determinadas circunstancias y por motivos relacionados con su situaci\u00f3n particular, podr\u00e1 oponerse al tratamiento de sus datos. Dyromo Trade, S.L. dejar\u00e1 de tratar los datos, salvo por motivos leg\u00edtimos imperiosos, o el ejercicio o la defensa de posibles reclamaciones.<\/p>\n<p>Asimismo, podr\u00e1 ejercitar el derecho a la portabilidad de los datos, as\u00ed como retirar los consentimientos prestados en cualquier momento, sin que ello afecte a la licitud del tratamiento basado en el consentimiento previo a su retirada.<\/p>\n<p>Dyromo Trade, S.L. se reserva el derecho a modificar su pol\u00edtica de privacidad de acuerdo a su criterio, o por un cambio en la legislaci\u00f3n, jurisprudencia o pr\u00e1ctica empresarial. S\u00ed Dyromo Trade, S.L. introduzca cualquier modificaci\u00f3n, el nuevo texto ser\u00e1 publicado en este sitio web, donde el usuario podr\u00e1 tener conocimiento de la pol\u00edtica de privacidad vigente de http:\/\/www.easyrentcostablanca.com.<\/p>\n<p>Si desea hacer uso de alguno de sus derechos puede ponerse en contacto con nosotros enviando una carta certificada o formulario equivalente para acreditar su recibo, junto con una fotocopia de su DNI (o DNI escaneado si es electr\u00f3nicamente), a la direcci\u00f3n C \/ Reyes Cat\u00f3licos 29, 4 A CP 03003 (Alicante) o en la direcci\u00f3n de correo electr\u00f3nico lopd@ro-spain.com<\/p>\n<p>Finalmente, le informamos que puede dirigirse a la Agencia Espa\u00f1ola de Protecci\u00f3n de Datos y otros organismos p\u00fablicos competentes para cualquier reclamaci\u00f3n derivada del tratamiento de sus datos personales.<\/p>\n<p><strong>Pol\u00edtica de cookies<\/strong><\/p>\n<p>La presente\u00a0<strong>Pol\u00edtica de Cookies<\/strong>\u00a0ser\u00e1 de aplicaci\u00f3n a aquellos usuarios que voluntariamente visiten el sitio web de www.ro-spain.com, rellenen formularios de recogida de datos o utilicen cualquier otro servicio presente en el sitio web que implique la comunicaci\u00f3n de datos a RO Espa\u00f1a, o el acceso a los datos de RO Spain para la prestaci\u00f3n de sus servicios.<\/p>\n<p>RO Spain informa a los usuarios de sus p\u00e1ginas web de la existencia de cookies y pone a disposici\u00f3n esta Pol\u00edtica con el fin de informarles sobre el uso y finalidad de las mismas. El hecho de continuar la navegaci\u00f3n por su p\u00e1gina, supone el conocimiento y la aceptaci\u00f3n de la presente Pol\u00edtica por parte de dichos usuarios.<\/p>\n<p>RO Spain utiliza los siguientes tipos de cookies:<\/p>\n<ul>\n<li><strong>Clasificados por titularidad:<\/strong><\/li>\n<\/ul>\n<p><strong>Cookies propias:<\/strong>\u00a0enviadas y gestionadas directamente por RO Espa\u00f1a<\/p>\n<p><strong>Cookies de terceros:<\/strong>\u00a0enviadas y gestionadas por un tercero fuera de RO Espa\u00f1a, de forma an\u00f3nima, con la finalidad de realizar estudios estad\u00edsticos de navegaci\u00f3n a trav\u00e9s de la p\u00e1gina web de RO Espa\u00f1a<\/p>\n<ul>\n<li><strong>Clasificados por su finalidad:<\/strong><\/li>\n<\/ul>\n<p><strong>Cookies t\u00e9cnicas y \/ o de personalizaci\u00f3n:<\/strong>\u00a0facilitan la navegaci\u00f3n, identificando la sesi\u00f3n, permitiendo el acceso a herramientas de acceso restringido, as\u00ed como personalizando las opciones disponibles. Permiten la prestaci\u00f3n del servicio solicitado previamente por el usuario.<\/p>\n<p><strong>Cookies de an\u00e1lisis y \/ o publicidad:<\/strong>\u00a0permiten conocer el n\u00famero de visitas recibidas en los diferentes apartados de las p\u00e1ginas web, los h\u00e1bitos y tendencias de sus usuarios y, en consecuencia, poder mejorar la navegaci\u00f3n y el servicio ofrecido por RO Espa\u00f1a. (fundamentalmente, Google Analytics), as\u00ed como la gesti\u00f3n de los espacios publicitarios incluidos en el sitio web visitado por el usuario. Recopila datos de forma an\u00f3nima para obtener perfiles de navegaci\u00f3n de los usuarios.<\/p>\n<ul>\n<li><strong>Clasificados por su duraci\u00f3n:<\/strong><\/li>\n<\/ul>\n<p><strong>Cookies de sesi\u00f3n:<\/strong>\u00a0recogen y almacenan los datos mientras el usuario accede a la p\u00e1gina web.<\/p>\n<p><strong>Cookies persistentes:<\/strong>\u00a0recogen y almacenan los datos en el terminal del usuario durante un per\u00edodo de tiempo variable en funci\u00f3n de la finalidad para la que se han utilizado.<\/p>\n<p>El tiempo de conservaci\u00f3n de las cookies depender\u00e1 del tipo de que se trate y siempre ser\u00e1 el m\u00ednimo necesario para cumplir con su finalidad.<\/p>\n<p>En cualquier caso, los usuarios pueden configurar su navegador, de forma que deshabilite o bloquee la recepci\u00f3n de todas o algunas de las cookies. El hecho de no desear recibir estas cookies no constituye un impedimento para acceder a la informaci\u00f3n del sitio web de RO Espa\u00f1a, aunque el uso de algunos servicios puede ser limitado. Si una vez otorgado el consentimiento para la recepci\u00f3n de cookies se desea eliminar este, se deber\u00e1n eliminar las almacenadas en el equipo del usuario, a trav\u00e9s de las opciones de los diferentes navegadores.<\/p>\n<p>La forma de\u00a0<strong>configurar los diferentes navegadores<\/strong>\u00a0para el ejercicio de las acciones indicadas en los p\u00e1rrafos anteriores, se puede consultar en:<\/p>\n<ul>\n<li><strong>Firefox:<\/strong><a href=\"http:\/\/support.mozilla.org\/es\/kb\/cookies-informacion-que-los-sitios-web-guardan-en-?redirectlocale=es-ES&amp;redirectslug=Cookies\" target=\"_blank\" rel=\"noopener\">http:\/\/support.mozilla.org\/es\/kb\/cookies-informacion-que-los-sitios-web-guardan-en-?redirectlocale=es-ES&amp;redirectslug=Cookies<\/a><\/li>\n<li><strong>Chrome<\/strong>:\u00a0<a href=\"https:\/\/support.google.com\/chrome\/answer\/95647?hl=es\" target=\"_blank\" rel=\"noopener\">https:\/\/support.google.com\/chrome\/answer\/95647?hl=es<\/a><\/li>\n<li><strong>Explorer<\/strong>:\u00a0<a href=\"http:\/\/windows.microsoft.com\/es-es\/windows7\/how-to-manage-cookies-in-internet-explorer-9\" target=\"_blank\" rel=\"noopener\">http:\/\/windows.microsoft.com\/es-es\/windows7\/how-to-manage-cookies-in-internet-explorer-9<\/a><\/li>\n<li><strong>Safari<\/strong>:\u00a0<a href=\"http:\/\/translate.google.com\/translate?hl=en&amp;sl=en&amp;tl=es&amp;u=http:\/\/support.apple.com\/kb\/ph5042\" target=\"_blank\" rel=\"noopener\">http:\/\/translate.google.com\/translate?hl=en&amp;sl=en&amp;tl=es&amp;u=http%3A%2F%2Fsupport.apple.com%2Fkb%2Fph5042<\/a><\/li>\n<\/ul>\n<p><span class=\"VIiyi\" lang=\"es\"><span class=\"JLqJ4b\" data-language-for-alternatives=\"es\" data-language-to-translate-into=\"en\" data-phrase-index=\"0\">RO Spain modificar\u00e1 esta Pol\u00edtica de Cookies siempre que se produzcan cambios en la configuraci\u00f3n y \/ o uso de las mismas, publicando su versi\u00f3n actualizada en sus sitios web.<\/span><\/span><\/p>\n","protected":false},"excerpt":{"rendered":"<p>Responsable \u00bfQui\u00e9n es el responsable del tratamiento de sus datos? Titular:\u00a0DYROMO TRADE, S.L. Nombre comercial:\u00a0RO Spain Real Estate C.I.F .:\u00a0B-54875042 Direcci\u00f3n:\u00a0C \/ Reyes Cat\u00f3licos n\u00ba 29, 4\u00ba A -03003- Alicante Tel\u00e9fono:\u00a0966276923 Correo electr\u00f3nico:\u00a0lopd@ro-spain.com Finalidades \u00bfCon qu\u00e9 finalidad tratamos sus datos personales? En cumplimiento de lo dispuesto en el Reglamento Europeo 2016\/679 General de Protecci\u00f3n de&#8230;<\/p>\n","protected":false},"author":1,"featured_media":0,"parent":0,"menu_order":0,"comment_status":"closed","ping_status":"open","template":"templates\/full-width.php","meta":[],"aioseo_notices":[],"_links":{"self":[{"href":"https:\/\/resaleproperties-spain.com\/es\/wp-json\/wp\/v2\/pages\/9291"}],"collection":[{"href":"https:\/\/resaleproperties-spain.com\/es\/wp-json\/wp\/v2\/pages"}],"about":[{"href":"https:\/\/resaleproperties-spain.com\/es\/wp-json\/wp\/v2\/types\/page"}],"author":[{"embeddable":true,"href":"https:\/\/resaleproperties-spain.com\/es\/wp-json\/wp\/v2\/users\/1"}],"replies":[{"embeddable":true,"href":"https:\/\/resaleproperties-spain.com\/es\/wp-json\/wp\/v2\/comments?post=9291"}],"version-history":[{"count":1,"href":"https:\/\/resaleproperties-spain.com\/es\/wp-json\/wp\/v2\/pages\/9291\/revisions"}],"predecessor-version":[{"id":9292,"href":"https:\/\/resaleproperties-spain.com\/es\/wp-json\/wp\/v2\/pages\/9291\/revisions\/9292"}],"wp:attachment":[{"href":"https:\/\/resaleproperties-spain.com\/es\/wp-json\/wp\/v2\/media?parent=9291"}],"curies":[{"name":"wp","href":"https:\/\/api.w.org\/{rel}","templated":true}]}}