{"id":18,"date":"2022-10-25T12:04:11","date_gmt":"2022-10-25T10:04:11","guid":{"rendered":"https:\/\/resaleproperties-spain.com\/?page_id=18"},"modified":"2023-10-24T10:08:15","modified_gmt":"2023-10-24T08:08:15","slug":"pagina-ejemplo","status":"publish","type":"page","link":"https:\/\/resaleproperties-spain.com\/es\/","title":{"rendered":"Home Esp"},"content":{"rendered":"<section class=\"wpb-content-wrapper\"><p>[vc_row full_width=\u00bbstretch_row\u00bb css=\u00bb.vc_custom_1666940635826{background-color: #616266 !important;}\u00bb el_class=\u00bbtitulo\u00bb][vc_column][vc_column_text]<\/p>\n<h2>Resale Properties Spain<\/h2>\n<p>[\/vc_column_text][\/vc_column][\/vc_row][vc_row][vc_column][vc_column_text]<span class=\"VIiyi\" lang=\"es\"><span class=\"JLqJ4b ChMk0b\" data-language-for-alternatives=\"es\" data-language-to-translate-into=\"en\" data-phrase-index=\"0\"><strong>Resale Properties Spain<\/strong>\u00a0es el departamento comercial de\u00a0<strong>RO Spain Real Estate<\/strong>, especializado en la venta de viviendas.<\/span><\/span><\/p>\n<p><span class=\"VIiyi\" lang=\"es\"><span class=\"JLqJ4b ChMk0b\" data-language-for-alternatives=\"es\" data-language-to-translate-into=\"en\" data-phrase-index=\"2\">Aqu\u00ed encontrar\u00e1 una amplia oferta de casas y apartamentos en la Costa Blanca y Costa C\u00e1lida.<\/span>\u00a0<span class=\"JLqJ4b ChMk0b\" data-language-for-alternatives=\"es\" data-language-to-translate-into=\"en\" data-phrase-index=\"3\">La Costa Blanca es conocida por su clima mar\u00edtimo mediterr\u00e1neo con veranos c\u00e1lidos e inviernos suaves.<\/span><\/span><\/p>\n<p><span class=\"VIiyi\" lang=\"es\"><span class=\"JLqJ4b ChMk0b\" data-language-for-alternatives=\"es\" data-language-to-translate-into=\"en\" data-phrase-index=\"5\">La Costa C\u00e1lida tambi\u00e9n conocida por el Mar Menor y La Manga es la costa de Murcia y disfruta del mismo clima templado.<\/span><\/span>[\/vc_column_text][\/vc_column][\/vc_row]<\/p>\n<\/section>","protected":false},"excerpt":{"rendered":"<p>[vc_row full_width=\u00bbstretch_row\u00bb css=\u00bb.vc_custom_1666940635826{background-color: #616266 !important;}\u00bb el_class=\u00bbtitulo\u00bb][vc_column][vc_column_text] Resale Properties Spain [\/vc_column_text][\/vc_column][\/vc_row][vc_row][vc_column][vc_column_text]Resale Properties Spain\u00a0es el departamento comercial de\u00a0RO Spain Real Estate, especializado en la venta de viviendas. Aqu\u00ed encontrar\u00e1 una amplia oferta de casas y apartamentos en la Costa Blanca y Costa C\u00e1lida.\u00a0La Costa Blanca es conocida por su clima mar\u00edtimo mediterr\u00e1neo con veranos c\u00e1lidos e inviernos&#8230;<\/p>\n","protected":false},"author":1,"featured_media":0,"parent":0,"menu_order":0,"comment_status":"closed","ping_status":"open","template":"templates\/home.php","meta":[],"aioseo_notices":[],"_links":{"self":[{"href":"https:\/\/resaleproperties-spain.com\/es\/wp-json\/wp\/v2\/pages\/18"}],"collection":[{"href":"https:\/\/resaleproperties-spain.com\/es\/wp-json\/wp\/v2\/pages"}],"about":[{"href":"https:\/\/resaleproperties-spain.com\/es\/wp-json\/wp\/v2\/types\/page"}],"author":[{"embeddable":true,"href":"https:\/\/resaleproperties-spain.com\/es\/wp-json\/wp\/v2\/users\/1"}],"replies":[{"embeddable":true,"href":"https:\/\/resaleproperties-spain.com\/es\/wp-json\/wp\/v2\/comments?post=18"}],"version-history":[{"count":5,"href":"https:\/\/resaleproperties-spain.com\/es\/wp-json\/wp\/v2\/pages\/18\/revisions"}],"predecessor-version":[{"id":78225,"href":"https:\/\/resaleproperties-spain.com\/es\/wp-json\/wp\/v2\/pages\/18\/revisions\/78225"}],"wp:attachment":[{"href":"https:\/\/resaleproperties-spain.com\/es\/wp-json\/wp\/v2\/media?parent=18"}],"curies":[{"name":"wp","href":"https:\/\/api.w.org\/{rel}","templated":true}]}}